{"id":10,"date":"2024-04-25T17:52:31","date_gmt":"2024-04-25T17:52:31","guid":{"rendered":"http:\/\/www.zeroday.com.tr\/?page_id=10"},"modified":"2026-02-17T14:04:22","modified_gmt":"2026-02-17T14:04:22","slug":"anasayfa","status":"publish","type":"page","link":"https:\/\/www.zeroday.com.tr\/","title":{"rendered":"AnaSayfa"},"content":{"rendered":"","protected":false},"excerpt":{"rendered":"","protected":false},"author":1,"featured_media":0,"parent":0,"menu_order":0,"comment_status":"closed","ping_status":"closed","template":"","meta":{"_seopress_robots_primary_cat":"","_seopress_titles_title":"Zeroday Bilgi Teknolojileri A.\u015e","_seopress_titles_desc":"Ankara Siber g\u00fcvenlik \u00e7\u00f6z\u00fcmleri yaz\u0131l\u0131mlar\u0131 ve donan\u0131mlar\u0131, Sunucu, Veri Depolama, Sanalla\u015ft\u0131rma, G\u00fcvenlik, Network ve Veri Yedekleme IT \u00e7\u00f6z\u00fcmleri.","_seopress_robots_index":"","footnotes":""},"class_list":["post-10","page","type-page","status-publish","hentry"],"_links":{"self":[{"href":"https:\/\/www.zeroday.com.tr\/index.php\/wp-json\/wp\/v2\/pages\/10"}],"collection":[{"href":"https:\/\/www.zeroday.com.tr\/index.php\/wp-json\/wp\/v2\/pages"}],"about":[{"href":"https:\/\/www.zeroday.com.tr\/index.php\/wp-json\/wp\/v2\/types\/page"}],"author":[{"embeddable":true,"href":"https:\/\/www.zeroday.com.tr\/index.php\/wp-json\/wp\/v2\/users\/1"}],"replies":[{"embeddable":true,"href":"https:\/\/www.zeroday.com.tr\/index.php\/wp-json\/wp\/v2\/comments?post=10"}],"version-history":[{"count":100,"href":"https:\/\/www.zeroday.com.tr\/index.php\/wp-json\/wp\/v2\/pages\/10\/revisions"}],"predecessor-version":[{"id":787,"href":"https:\/\/www.zeroday.com.tr\/index.php\/wp-json\/wp\/v2\/pages\/10\/revisions\/787"}],"wp:attachment":[{"href":"https:\/\/www.zeroday.com.tr\/index.php\/wp-json\/wp\/v2\/media?parent=10"}],"curies":[{"name":"wp","href":"https:\/\/api.w.org\/{rel}","templated":true}]}}